{"id":232,"date":"2024-07-24T11:57:36","date_gmt":"2024-07-24T09:57:36","guid":{"rendered":"https:\/\/marinebaron.fr\/?page_id=232"},"modified":"2025-07-14T18:18:00","modified_gmt":"2025-07-14T16:18:00","slug":"socio-esthetique-2","status":"publish","type":"page","link":"https:\/\/marinebaron.fr\/index.php\/socio-esthetique-2\/","title":{"rendered":"Socio Esthetique"},"content":{"rendered":"\t\t<div data-elementor-type=\"wp-page\" data-elementor-id=\"232\" class=\"elementor elementor-232\">\n\t\t\t\t<div class=\"elementor-element elementor-element-ef46c60 e-flex e-con-boxed wpr-particle-no wpr-jarallax-no wpr-parallax-no wpr-sticky-section-no e-con e-parent\" data-id=\"ef46c60\" data-element_type=\"container\">\n\t\t\t\t\t<div class=\"e-con-inner\">\n\t\t\t\t<div class=\"elementor-element elementor-element-d27ff6a elementor-widget elementor-widget-spacer\" data-id=\"d27ff6a\" data-element_type=\"widget\" data-widget_type=\"spacer.default\">\n\t\t\t\t<div class=\"elementor-widget-container\">\n\t\t\t<style>\/*! elementor - v3.23.0 - 15-07-2024 *\/\n.elementor-column .elementor-spacer-inner{height:var(--spacer-size)}.e-con{--container-widget-width:100%}.e-con-inner>.elementor-widget-spacer,.e-con>.elementor-widget-spacer{width:var(--container-widget-width,var(--spacer-size));--align-self:var(--container-widget-align-self,initial);--flex-shrink:0}.e-con-inner>.elementor-widget-spacer>.elementor-widget-container,.e-con>.elementor-widget-spacer>.elementor-widget-container{height:100%;width:100%}.e-con-inner>.elementor-widget-spacer>.elementor-widget-container>.elementor-spacer,.e-con>.elementor-widget-spacer>.elementor-widget-container>.elementor-spacer{height:100%}.e-con-inner>.elementor-widget-spacer>.elementor-widget-container>.elementor-spacer>.elementor-spacer-inner,.e-con>.elementor-widget-spacer>.elementor-widget-container>.elementor-spacer>.elementor-spacer-inner{height:var(--container-widget-height,var(--spacer-size))}.e-con-inner>.elementor-widget-spacer.elementor-widget-empty,.e-con>.elementor-widget-spacer.elementor-widget-empty{position:relative;min-height:22px;min-width:22px}.e-con-inner>.elementor-widget-spacer.elementor-widget-empty .elementor-widget-empty-icon,.e-con>.elementor-widget-spacer.elementor-widget-empty .elementor-widget-empty-icon{position:absolute;top:0;bottom:0;left:0;right:0;margin:auto;padding:0;width:22px;height:22px}<\/style>\t\t<div class=\"elementor-spacer\">\n\t\t\t<div class=\"elementor-spacer-inner\"><\/div>\n\t\t<\/div>\n\t\t\t\t<\/div>\n\t\t\t\t<\/div>\n\t\t\t\t\t<\/div>\n\t\t\t\t<\/div>\n\t\t<div class=\"elementor-element elementor-element-b6a4603 e-con-full e-flex wpr-particle-no wpr-jarallax-no wpr-parallax-no wpr-sticky-section-no e-con e-parent\" data-id=\"b6a4603\" data-element_type=\"container\">\n\t\t\t\t<div class=\"elementor-element elementor-element-b97b561 elementor-widget__width-inherit elementor-widget elementor-widget-text-editor\" data-id=\"b97b561\" data-element_type=\"widget\" data-widget_type=\"text-editor.default\">\n\t\t\t\t<div class=\"elementor-widget-container\">\n\t\t\t<style>\/*! elementor - v3.23.0 - 15-07-2024 *\/\n.elementor-widget-text-editor.elementor-drop-cap-view-stacked .elementor-drop-cap{background-color:#69727d;color:#fff}.elementor-widget-text-editor.elementor-drop-cap-view-framed .elementor-drop-cap{color:#69727d;border:3px solid;background-color:transparent}.elementor-widget-text-editor:not(.elementor-drop-cap-view-default) .elementor-drop-cap{margin-top:8px}.elementor-widget-text-editor:not(.elementor-drop-cap-view-default) .elementor-drop-cap-letter{width:1em;height:1em}.elementor-widget-text-editor .elementor-drop-cap{float:left;text-align:center;line-height:1;font-size:50px}.elementor-widget-text-editor .elementor-drop-cap-letter{display:inline-block}<\/style>\t\t\t\t<p>Qu&rsquo;est\u00a0 ce\u00a0 que\u00a0 la\u00a0 Socio-Esth\u00e9tique\u00a0 ?<\/p>\t\t\t\t\t\t<\/div>\n\t\t\t\t<\/div>\n\t\t\t\t<div class=\"elementor-element elementor-element-246fd82 elementor-widget elementor-widget-text-editor\" data-id=\"246fd82\" data-element_type=\"widget\" data-widget_type=\"text-editor.default\">\n\t\t\t\t<div class=\"elementor-widget-container\">\n\t\t\t\t\t\t\t<p>Les soins de socio-esth\u00e9tique sont des temps d\u2019accompagnement compl\u00e9mentaires pour les personnes touch\u00e9es par la maladie, le handicap, la pr\u00e9carit\u00e9, la vieillesse ou encore les difficult\u00e9s sociales. Par le biais de soins individuels ou collectifs, on participe \u00e0 une revalorisation de l\u2019image de soi, renforcer le lien social et apprendre \u00e0 se concentrer sur son mieux-\u00eatre physique et psychique.<\/p><p data-start=\"1146\" data-end=\"1450\">Les interventions de socio-esth\u00e9tique offrent bien plus qu\u2019un moment de d\u00e9tente :<br data-start=\"1247\" data-end=\"1250\" \/>\u2022 Am\u00e9liorer le confort et le bien-\u00eatre physique<br data-start=\"1297\" data-end=\"1300\" \/>\u2022 Favoriser la d\u00e9tente et r\u00e9duire le stress<br data-start=\"1343\" data-end=\"1346\" \/>\u2022 Renforcer l\u2019estime de soi et l\u2019image corporelle<br data-start=\"1395\" data-end=\"1398\" \/>\u2022 Cr\u00e9er un temps d\u2019\u00e9change, d\u2019\u00e9coute et de r\u00e9confort<\/p><p data-start=\"1457\" data-end=\"1763\">Form\u00e9e \u00e0 accompagner la personne dans sa globalit\u00e9, j\u2019adapte chaque soin \u00e0 l&rsquo;\u00e9tat de sant\u00e9, les besoins et les envies du b\u00e9n\u00e9ficiaire.<br data-start=\"1689\" data-end=\"1692\" \/>Chaque s\u00e9ance est un moment de douceur, de respect et de bienveillance.<\/p>\t\t\t\t\t\t<\/div>\n\t\t\t\t<\/div>\n\t\t<div class=\"elementor-element elementor-element-8dd5f1c e-flex e-con-boxed wpr-particle-no wpr-jarallax-no wpr-parallax-no wpr-sticky-section-no e-con e-child\" data-id=\"8dd5f1c\" data-element_type=\"container\">\n\t\t\t\t\t<div class=\"e-con-inner\">\n\t\t\t\t<div class=\"elementor-element elementor-element-be9829b elementor-widget elementor-widget-text-editor\" data-id=\"be9829b\" data-element_type=\"widget\" data-widget_type=\"text-editor.default\">\n\t\t\t\t<div class=\"elementor-widget-container\">\n\t\t\t\t\t\t\t<p>Lieux d&rsquo;intervention<\/p>\t\t\t\t\t\t<\/div>\n\t\t\t\t<\/div>\n\t\t\t\t\t<\/div>\n\t\t\t\t<\/div>\n\t\t\t\t<\/div>\n\t\t<div class=\"elementor-element elementor-element-095367d e-flex e-con-boxed wpr-particle-no wpr-jarallax-no wpr-parallax-no wpr-sticky-section-no e-con e-parent\" data-id=\"095367d\" data-element_type=\"container\">\n\t\t\t\t\t<div class=\"e-con-inner\">\n\t\t<div class=\"elementor-element elementor-element-a2ab098 e-con-full e-flex wpr-particle-no wpr-jarallax-no wpr-parallax-no wpr-sticky-section-no e-con e-child\" data-id=\"a2ab098\" data-element_type=\"container\">\n\t\t\t\t<div class=\"elementor-element elementor-element-935fb8a elementor-widget elementor-widget-text-editor\" data-id=\"935fb8a\" data-element_type=\"widget\" data-widget_type=\"text-editor.default\">\n\t\t\t\t<div class=\"elementor-widget-container\">\n\t\t\t\t\t\t\t<p style=\"text-align: center;\"><span style=\"font-style: inherit; font-weight: inherit;\">&nbsp;<\/span><\/p>\n<p style=\"text-align: center;\"><span style=\"font-style: inherit; font-weight: inherit;\">Centres Hospitaliers, Cliniques<\/span><\/p>\n<p style=\"text-align: center;\">Centre de r\u00e9\u00e9ducation fonctionnelle<\/p>\n<p style=\"text-align: center;\">Etablissement de soins de suite<\/p>\n<p style=\"text-align: center;\">Centres Maternels<\/p>\n<p style=\"text-align: center;\">EHPAD<\/p>\n<p style=\"text-align: center;\">IME, foyers de vie, ESAT, MAS<\/p>\n<p style=\"text-align: center;\">CHRS<\/p>\n<p style=\"text-align: center;\">Structures accueillant les aidants familiaux<\/p>\n<p style=\"text-align: center;\">Structures accueillant des personnes victimes de violence<\/p><p style=\"text-align: center;\"><br><\/p>\t\t\t\t\t\t<\/div>\n\t\t\t\t<\/div>\n\t\t\t\t<\/div>\n\t\t\t\t\t<\/div>\n\t\t\t\t<\/div>\n\t\t<div class=\"elementor-element elementor-element-6973b8f e-flex e-con-boxed wpr-particle-no wpr-jarallax-no wpr-parallax-no wpr-sticky-section-no e-con e-parent\" data-id=\"6973b8f\" data-element_type=\"container\">\n\t\t\t\t\t<div class=\"e-con-inner\">\n\t\t\t\t<div class=\"elementor-element elementor-element-f13c389 elementor-widget__width-initial e-transform elementor-arrows-position-inside elementor-widget elementor-widget-image-carousel\" data-id=\"f13c389\" data-element_type=\"widget\" data-settings=\"{&quot;slides_to_show&quot;:&quot;1&quot;,&quot;navigation&quot;:&quot;arrows&quot;,&quot;_transform_scale_effect&quot;:{&quot;unit&quot;:&quot;px&quot;,&quot;size&quot;:2,&quot;sizes&quot;:[]},&quot;autoplay&quot;:&quot;yes&quot;,&quot;pause_on_hover&quot;:&quot;yes&quot;,&quot;pause_on_interaction&quot;:&quot;yes&quot;,&quot;autoplay_speed&quot;:5000,&quot;infinite&quot;:&quot;yes&quot;,&quot;effect&quot;:&quot;slide&quot;,&quot;speed&quot;:500,&quot;_transform_scale_effect_tablet&quot;:{&quot;unit&quot;:&quot;px&quot;,&quot;size&quot;:&quot;&quot;,&quot;sizes&quot;:[]},&quot;_transform_scale_effect_mobile&quot;:{&quot;unit&quot;:&quot;px&quot;,&quot;size&quot;:&quot;&quot;,&quot;sizes&quot;:[]}}\" data-widget_type=\"image-carousel.default\">\n\t\t\t\t<div class=\"elementor-widget-container\">\n\t\t\t<style>\/*! elementor - v3.23.0 - 15-07-2024 *\/\n.elementor-widget-image-carousel .swiper,.elementor-widget-image-carousel .swiper-container{position:static}.elementor-widget-image-carousel .swiper-container .swiper-slide figure,.elementor-widget-image-carousel .swiper .swiper-slide figure{line-height:inherit}.elementor-widget-image-carousel .swiper-slide{text-align:center}.elementor-image-carousel-wrapper:not(.swiper-container-initialized):not(.swiper-initialized) .swiper-slide{max-width:calc(100% \/ var(--e-image-carousel-slides-to-show, 3))}<\/style>\t\t<div class=\"elementor-image-carousel-wrapper swiper\" dir=\"ltr\">\n\t\t\t<div class=\"elementor-image-carousel swiper-wrapper\" aria-live=\"off\">\n\t\t\t\t\t\t\t\t<div class=\"swiper-slide\" role=\"group\" aria-roledescription=\"slide\" aria-label=\"1 sur 4\"><figure class=\"swiper-slide-inner\"><img decoding=\"async\" class=\"swiper-slide-image\" src=\"https:\/\/marinebaron.fr\/wp-content\/uploads\/2025\/07\/unnamed-2.jpg\" alt=\"unnamed (2)\" \/><\/figure><\/div><div class=\"swiper-slide\" role=\"group\" aria-roledescription=\"slide\" aria-label=\"2 sur 4\"><figure class=\"swiper-slide-inner\"><img decoding=\"async\" class=\"swiper-slide-image\" src=\"https:\/\/marinebaron.fr\/wp-content\/uploads\/2025\/07\/IMG_0728-1-e1752069277169.png\" alt=\"IMG_0728 (1)\" \/><\/figure><\/div><div class=\"swiper-slide\" role=\"group\" aria-roledescription=\"slide\" aria-label=\"3 sur 4\"><figure class=\"swiper-slide-inner\"><img decoding=\"async\" class=\"swiper-slide-image\" src=\"https:\/\/marinebaron.fr\/wp-content\/uploads\/2025\/07\/IMG_0729-e1752069234755.png\" alt=\"IMG_0729\" \/><\/figure><\/div><div class=\"swiper-slide\" role=\"group\" aria-roledescription=\"slide\" aria-label=\"4 sur 4\"><figure class=\"swiper-slide-inner\"><img decoding=\"async\" class=\"swiper-slide-image\" src=\"https:\/\/marinebaron.fr\/wp-content\/uploads\/2025\/07\/IMG_0015-scaled.jpg\" alt=\"IMG_0015\" \/><\/figure><\/div>\t\t\t<\/div>\n\t\t\t\t\t\t\t\t\t\t\t\t<div class=\"elementor-swiper-button elementor-swiper-button-prev\" role=\"button\" tabindex=\"0\">\n\t\t\t\t\t\t<svg aria-hidden=\"true\" class=\"e-font-icon-svg e-eicon-chevron-left\" viewBox=\"0 0 1000 1000\" xmlns=\"http:\/\/www.w3.org\/2000\/svg\"><path d=\"M646 125C629 125 613 133 604 142L308 442C296 454 292 471 292 487 292 504 296 521 308 533L604 854C617 867 629 875 646 875 663 875 679 871 692 858 704 846 713 829 713 812 713 796 708 779 692 767L438 487 692 225C700 217 708 204 708 187 708 171 704 154 692 142 675 129 663 125 646 125Z\"><\/path><\/svg>\t\t\t\t\t<\/div>\n\t\t\t\t\t<div class=\"elementor-swiper-button elementor-swiper-button-next\" role=\"button\" tabindex=\"0\">\n\t\t\t\t\t\t<svg aria-hidden=\"true\" class=\"e-font-icon-svg e-eicon-chevron-right\" viewBox=\"0 0 1000 1000\" xmlns=\"http:\/\/www.w3.org\/2000\/svg\"><path d=\"M696 533C708 521 713 504 713 487 713 471 708 454 696 446L400 146C388 133 375 125 354 125 338 125 325 129 313 142 300 154 292 171 292 187 292 204 296 221 308 233L563 492 304 771C292 783 288 800 288 817 288 833 296 850 308 863 321 871 338 875 354 875 371 875 388 867 400 854L696 533Z\"><\/path><\/svg>\t\t\t\t\t<\/div>\n\t\t\t\t\n\t\t\t\t\t\t\t\t\t<\/div>\n\t\t\t\t<\/div>\n\t\t\t\t<\/div>\n\t\t\t\t\t<\/div>\n\t\t\t\t<\/div>\n\t\t<div class=\"elementor-element elementor-element-4327460 e-flex e-con-boxed wpr-particle-no wpr-jarallax-no wpr-parallax-no wpr-sticky-section-no e-con e-parent\" data-id=\"4327460\" data-element_type=\"container\">\n\t\t\t\t\t<div class=\"e-con-inner\">\n\t\t\t\t<div class=\"elementor-element elementor-element-e7363a7 elementor-widget elementor-widget-spacer\" data-id=\"e7363a7\" data-element_type=\"widget\" data-widget_type=\"spacer.default\">\n\t\t\t\t<div class=\"elementor-widget-container\">\n\t\t\t\t\t<div class=\"elementor-spacer\">\n\t\t\t<div class=\"elementor-spacer-inner\"><\/div>\n\t\t<\/div>\n\t\t\t\t<\/div>\n\t\t\t\t<\/div>\n\t\t\t\t\t<\/div>\n\t\t\t\t<\/div>\n\t\t\t\t<\/div>\n\t\t","protected":false},"excerpt":{"rendered":"<p>Qu&rsquo;est\u00a0 ce\u00a0 que\u00a0 la\u00a0 Socio-Esth\u00e9tique\u00a0 ? Les soins de socio-esth\u00e9tique sont des temps d\u2019accompagnement compl\u00e9mentaires pour les personnes touch\u00e9es par la maladie, le handicap, la pr\u00e9carit\u00e9, la vieillesse ou encore les difficult\u00e9s sociales. Par le biais de soins individuels ou collectifs, on participe \u00e0 une revalorisation de l\u2019image de soi, renforcer le lien social et apprendre \u00e0 se concentrer sur son mieux-\u00eatre physique et psychique. Les interventions de socio-esth\u00e9tique offrent bien plus qu\u2019un moment de d\u00e9tente :\u2022 Am\u00e9liorer le confort et le bien-\u00eatre physique\u2022 Favoriser la d\u00e9tente et r\u00e9duire le stress\u2022 Renforcer l\u2019estime de soi et l\u2019image corporelle\u2022 Cr\u00e9er un temps d\u2019\u00e9change, d\u2019\u00e9coute et de r\u00e9confort Form\u00e9e \u00e0 accompagner la personne dans sa globalit\u00e9, j\u2019adapte chaque soin \u00e0 l&rsquo;\u00e9tat de sant\u00e9, les besoins et les envies du b\u00e9n\u00e9ficiaire.Chaque s\u00e9ance est un moment de douceur, de respect et de bienveillance. Lieux d&rsquo;intervention &nbsp; Centres Hospitaliers, Cliniques Centre de r\u00e9\u00e9ducation fonctionnelle Etablissement de soins de suite Centres Maternels EHPAD IME, foyers de vie, ESAT, MAS CHRS Structures accueillant les aidants familiaux Structures accueillant des personnes victimes de violence<\/p>\n","protected":false},"author":1,"featured_media":0,"parent":0,"menu_order":0,"comment_status":"closed","ping_status":"closed","template":"","meta":{"site-sidebar-layout":"no-sidebar","site-content-layout":"","ast-site-content-layout":"full-width-container","site-content-style":"default","site-sidebar-style":"default","ast-global-header-display":"","ast-banner-title-visibility":"","ast-main-header-display":"","ast-hfb-above-header-display":"","ast-hfb-below-header-display":"","ast-hfb-mobile-header-display":"","site-post-title":"disabled","ast-breadcrumbs-content":"","ast-featured-img":"disabled","footer-sml-layout":"","theme-transparent-header-meta":"","adv-header-id-meta":"","stick-header-meta":"","header-above-stick-meta":"","header-main-stick-meta":"","header-below-stick-meta":"","astra-migrate-meta-layouts":"default","ast-page-background-enabled":"default","ast-page-background-meta":{"desktop":{"background-color":"var(--ast-global-color-4)","background-image":"","background-repeat":"repeat","background-position":"center center","background-size":"auto","background-attachment":"scroll","background-type":"","background-media":"","overlay-type":"","overlay-color":"","overlay-opacity":"","overlay-gradient":""},"tablet":{"background-color":"","background-image":"","background-repeat":"repeat","background-position":"center center","background-size":"auto","background-attachment":"scroll","background-type":"","background-media":"","overlay-type":"","overlay-color":"","overlay-opacity":"","overlay-gradient":""},"mobile":{"background-color":"","background-image":"","background-repeat":"repeat","background-position":"center center","background-size":"auto","background-attachment":"scroll","background-type":"","background-media":"","overlay-type":"","overlay-color":"","overlay-opacity":"","overlay-gradient":""}},"ast-content-background-meta":{"desktop":{"background-color":"var(--ast-global-color-5)","background-image":"","background-repeat":"repeat","background-position":"center center","background-size":"auto","background-attachment":"scroll","background-type":"","background-media":"","overlay-type":"","overlay-color":"","overlay-opacity":"","overlay-gradient":""},"tablet":{"background-color":"var(--ast-global-color-5)","background-image":"","background-repeat":"repeat","background-position":"center center","background-size":"auto","background-attachment":"scroll","background-type":"","background-media":"","overlay-type":"","overlay-color":"","overlay-opacity":"","overlay-gradient":""},"mobile":{"background-color":"var(--ast-global-color-5)","background-image":"","background-repeat":"repeat","background-position":"center center","background-size":"auto","background-attachment":"scroll","background-type":"","background-media":"","overlay-type":"","overlay-color":"","overlay-opacity":"","overlay-gradient":""}},"footnotes":""},"class_list":["post-232","page","type-page","status-publish","hentry"],"yoast_head":"<!-- This site is optimized with the Yoast SEO plugin v23.0 - https:\/\/yoast.com\/wordpress\/plugins\/seo\/ -->\n<title>Socio Esthetique -<\/title>\n<meta name=\"robots\" content=\"index, follow, max-snippet:-1, max-image-preview:large, max-video-preview:-1\" \/>\n<link rel=\"canonical\" href=\"https:\/\/marinebaron.fr\/index.php\/socio-esthetique-2\/\" \/>\n<meta property=\"og:locale\" content=\"fr_FR\" \/>\n<meta property=\"og:type\" content=\"article\" \/>\n<meta property=\"og:title\" content=\"Socio Esthetique -\" \/>\n<meta property=\"og:description\" content=\"Qu&rsquo;est\u00a0 ce\u00a0 que\u00a0 la\u00a0 Socio-Esth\u00e9tique\u00a0 ? Les soins de socio-esth\u00e9tique sont des temps d\u2019accompagnement compl\u00e9mentaires pour les personnes touch\u00e9es par la maladie, le handicap, la pr\u00e9carit\u00e9, la vieillesse ou encore les difficult\u00e9s sociales. Par le biais de soins individuels ou collectifs, on participe \u00e0 une revalorisation de l\u2019image de soi, renforcer le lien social et apprendre \u00e0 se concentrer sur son mieux-\u00eatre physique et psychique. Les interventions de socio-esth\u00e9tique offrent bien plus qu\u2019un moment de d\u00e9tente :\u2022 Am\u00e9liorer le confort et le bien-\u00eatre physique\u2022 Favoriser la d\u00e9tente et r\u00e9duire le stress\u2022 Renforcer l\u2019estime de soi et l\u2019image corporelle\u2022 Cr\u00e9er un temps d\u2019\u00e9change, d\u2019\u00e9coute et de r\u00e9confort Form\u00e9e \u00e0 accompagner la personne dans sa globalit\u00e9, j\u2019adapte chaque soin \u00e0 l&rsquo;\u00e9tat de sant\u00e9, les besoins et les envies du b\u00e9n\u00e9ficiaire.Chaque s\u00e9ance est un moment de douceur, de respect et de bienveillance. Lieux d&rsquo;intervention &nbsp; Centres Hospitaliers, Cliniques Centre de r\u00e9\u00e9ducation fonctionnelle Etablissement de soins de suite Centres Maternels EHPAD IME, foyers de vie, ESAT, MAS CHRS Structures accueillant les aidants familiaux Structures accueillant des personnes victimes de violence\" \/>\n<meta property=\"og:url\" content=\"https:\/\/marinebaron.fr\/index.php\/socio-esthetique-2\/\" \/>\n<meta property=\"article:modified_time\" content=\"2025-07-14T16:18:00+00:00\" \/>\n<meta property=\"og:image\" content=\"http:\/\/marinebaron.fr\/wp-content\/uploads\/2025\/07\/unnamed-2.jpg\" \/>\n<meta name=\"twitter:card\" content=\"summary_large_image\" \/>\n<meta name=\"twitter:label1\" content=\"Dur\u00e9e de lecture estim\u00e9e\" \/>\n\t<meta name=\"twitter:data1\" content=\"3 minutes\" \/>\n<script type=\"application\/ld+json\" class=\"yoast-schema-graph\">{\"@context\":\"https:\/\/schema.org\",\"@graph\":[{\"@type\":\"WebPage\",\"@id\":\"https:\/\/marinebaron.fr\/index.php\/socio-esthetique-2\/\",\"url\":\"https:\/\/marinebaron.fr\/index.php\/socio-esthetique-2\/\",\"name\":\"Socio Esthetique -\",\"isPartOf\":{\"@id\":\"https:\/\/marinebaron.fr\/#website\"},\"primaryImageOfPage\":{\"@id\":\"https:\/\/marinebaron.fr\/index.php\/socio-esthetique-2\/#primaryimage\"},\"image\":{\"@id\":\"https:\/\/marinebaron.fr\/index.php\/socio-esthetique-2\/#primaryimage\"},\"thumbnailUrl\":\"http:\/\/marinebaron.fr\/wp-content\/uploads\/2025\/07\/unnamed-2.jpg\",\"datePublished\":\"2024-07-24T09:57:36+00:00\",\"dateModified\":\"2025-07-14T16:18:00+00:00\",\"breadcrumb\":{\"@id\":\"https:\/\/marinebaron.fr\/index.php\/socio-esthetique-2\/#breadcrumb\"},\"inLanguage\":\"fr-FR\",\"potentialAction\":[{\"@type\":\"ReadAction\",\"target\":[\"https:\/\/marinebaron.fr\/index.php\/socio-esthetique-2\/\"]}]},{\"@type\":\"ImageObject\",\"inLanguage\":\"fr-FR\",\"@id\":\"https:\/\/marinebaron.fr\/index.php\/socio-esthetique-2\/#primaryimage\",\"url\":\"https:\/\/marinebaron.fr\/wp-content\/uploads\/2025\/07\/unnamed-2.jpg\",\"contentUrl\":\"https:\/\/marinebaron.fr\/wp-content\/uploads\/2025\/07\/unnamed-2.jpg\",\"width\":1170,\"height\":1740},{\"@type\":\"BreadcrumbList\",\"@id\":\"https:\/\/marinebaron.fr\/index.php\/socio-esthetique-2\/#breadcrumb\",\"itemListElement\":[{\"@type\":\"ListItem\",\"position\":1,\"name\":\"Accueil\",\"item\":\"https:\/\/marinebaron.fr\/\"},{\"@type\":\"ListItem\",\"position\":2,\"name\":\"Socio Esthetique\"}]},{\"@type\":\"WebSite\",\"@id\":\"https:\/\/marinebaron.fr\/#website\",\"url\":\"https:\/\/marinebaron.fr\/\",\"name\":\"\",\"description\":\"Un site utilisant WordPress\",\"potentialAction\":[{\"@type\":\"SearchAction\",\"target\":{\"@type\":\"EntryPoint\",\"urlTemplate\":\"https:\/\/marinebaron.fr\/?s={search_term_string}\"},\"query-input\":\"required name=search_term_string\"}],\"inLanguage\":\"fr-FR\"}]}<\/script>\n<!-- \/ Yoast SEO plugin. -->","yoast_head_json":{"title":"Socio Esthetique -","robots":{"index":"index","follow":"follow","max-snippet":"max-snippet:-1","max-image-preview":"max-image-preview:large","max-video-preview":"max-video-preview:-1"},"canonical":"https:\/\/marinebaron.fr\/index.php\/socio-esthetique-2\/","og_locale":"fr_FR","og_type":"article","og_title":"Socio Esthetique -","og_description":"Qu&rsquo;est\u00a0 ce\u00a0 que\u00a0 la\u00a0 Socio-Esth\u00e9tique\u00a0 ? Les soins de socio-esth\u00e9tique sont des temps d\u2019accompagnement compl\u00e9mentaires pour les personnes touch\u00e9es par la maladie, le handicap, la pr\u00e9carit\u00e9, la vieillesse ou encore les difficult\u00e9s sociales. Par le biais de soins individuels ou collectifs, on participe \u00e0 une revalorisation de l\u2019image de soi, renforcer le lien social et apprendre \u00e0 se concentrer sur son mieux-\u00eatre physique et psychique. Les interventions de socio-esth\u00e9tique offrent bien plus qu\u2019un moment de d\u00e9tente :\u2022 Am\u00e9liorer le confort et le bien-\u00eatre physique\u2022 Favoriser la d\u00e9tente et r\u00e9duire le stress\u2022 Renforcer l\u2019estime de soi et l\u2019image corporelle\u2022 Cr\u00e9er un temps d\u2019\u00e9change, d\u2019\u00e9coute et de r\u00e9confort Form\u00e9e \u00e0 accompagner la personne dans sa globalit\u00e9, j\u2019adapte chaque soin \u00e0 l&rsquo;\u00e9tat de sant\u00e9, les besoins et les envies du b\u00e9n\u00e9ficiaire.Chaque s\u00e9ance est un moment de douceur, de respect et de bienveillance. Lieux d&rsquo;intervention &nbsp; Centres Hospitaliers, Cliniques Centre de r\u00e9\u00e9ducation fonctionnelle Etablissement de soins de suite Centres Maternels EHPAD IME, foyers de vie, ESAT, MAS CHRS Structures accueillant les aidants familiaux Structures accueillant des personnes victimes de violence","og_url":"https:\/\/marinebaron.fr\/index.php\/socio-esthetique-2\/","article_modified_time":"2025-07-14T16:18:00+00:00","og_image":[{"url":"http:\/\/marinebaron.fr\/wp-content\/uploads\/2025\/07\/unnamed-2.jpg"}],"twitter_card":"summary_large_image","twitter_misc":{"Dur\u00e9e de lecture estim\u00e9e":"3 minutes"},"schema":{"@context":"https:\/\/schema.org","@graph":[{"@type":"WebPage","@id":"https:\/\/marinebaron.fr\/index.php\/socio-esthetique-2\/","url":"https:\/\/marinebaron.fr\/index.php\/socio-esthetique-2\/","name":"Socio Esthetique -","isPartOf":{"@id":"https:\/\/marinebaron.fr\/#website"},"primaryImageOfPage":{"@id":"https:\/\/marinebaron.fr\/index.php\/socio-esthetique-2\/#primaryimage"},"image":{"@id":"https:\/\/marinebaron.fr\/index.php\/socio-esthetique-2\/#primaryimage"},"thumbnailUrl":"http:\/\/marinebaron.fr\/wp-content\/uploads\/2025\/07\/unnamed-2.jpg","datePublished":"2024-07-24T09:57:36+00:00","dateModified":"2025-07-14T16:18:00+00:00","breadcrumb":{"@id":"https:\/\/marinebaron.fr\/index.php\/socio-esthetique-2\/#breadcrumb"},"inLanguage":"fr-FR","potentialAction":[{"@type":"ReadAction","target":["https:\/\/marinebaron.fr\/index.php\/socio-esthetique-2\/"]}]},{"@type":"ImageObject","inLanguage":"fr-FR","@id":"https:\/\/marinebaron.fr\/index.php\/socio-esthetique-2\/#primaryimage","url":"https:\/\/marinebaron.fr\/wp-content\/uploads\/2025\/07\/unnamed-2.jpg","contentUrl":"https:\/\/marinebaron.fr\/wp-content\/uploads\/2025\/07\/unnamed-2.jpg","width":1170,"height":1740},{"@type":"BreadcrumbList","@id":"https:\/\/marinebaron.fr\/index.php\/socio-esthetique-2\/#breadcrumb","itemListElement":[{"@type":"ListItem","position":1,"name":"Accueil","item":"https:\/\/marinebaron.fr\/"},{"@type":"ListItem","position":2,"name":"Socio Esthetique"}]},{"@type":"WebSite","@id":"https:\/\/marinebaron.fr\/#website","url":"https:\/\/marinebaron.fr\/","name":"","description":"Un site utilisant WordPress","potentialAction":[{"@type":"SearchAction","target":{"@type":"EntryPoint","urlTemplate":"https:\/\/marinebaron.fr\/?s={search_term_string}"},"query-input":"required name=search_term_string"}],"inLanguage":"fr-FR"}]}},"_links":{"self":[{"href":"https:\/\/marinebaron.fr\/index.php\/wp-json\/wp\/v2\/pages\/232","targetHints":{"allow":["GET"]}}],"collection":[{"href":"https:\/\/marinebaron.fr\/index.php\/wp-json\/wp\/v2\/pages"}],"about":[{"href":"https:\/\/marinebaron.fr\/index.php\/wp-json\/wp\/v2\/types\/page"}],"author":[{"embeddable":true,"href":"https:\/\/marinebaron.fr\/index.php\/wp-json\/wp\/v2\/users\/1"}],"replies":[{"embeddable":true,"href":"https:\/\/marinebaron.fr\/index.php\/wp-json\/wp\/v2\/comments?post=232"}],"version-history":[{"count":118,"href":"https:\/\/marinebaron.fr\/index.php\/wp-json\/wp\/v2\/pages\/232\/revisions"}],"predecessor-version":[{"id":664,"href":"https:\/\/marinebaron.fr\/index.php\/wp-json\/wp\/v2\/pages\/232\/revisions\/664"}],"wp:attachment":[{"href":"https:\/\/marinebaron.fr\/index.php\/wp-json\/wp\/v2\/media?parent=232"}],"curies":[{"name":"wp","href":"https:\/\/api.w.org\/{rel}","templated":true}]}}